{"id":8,"date":"2019-01-12T09:55:20","date_gmt":"2019-01-12T09:55:20","guid":{"rendered":"http:\/\/biancomaselli.de\/?page_id=8"},"modified":"2021-03-09T22:20:10","modified_gmt":"2021-03-09T21:20:10","slug":"datenschutzerklaerung","status":"publish","type":"page","link":"https:\/\/biancomaselli.de\/?page_id=8","title":{"rendered":"Datenschutzerkl\u00e4rung"},"content":{"rendered":"\r\n<h1 class=\"wp-block-heading\">Datenschutzerkl\u00e4rung<\/h1>\r\n<p>&nbsp;<\/p>\r\n<h4><strong>Grundlegendes<\/strong><\/h4>\r\n<p>Diese Datenschutzerkl\u00e4rung soll die Nutzer dieser Website \u00fcber die Art, den Umfang und den Zweck der Erhebung und Verwendung personenbezogener Daten durch den Websitebetreiber <br \/><b>Carina Bianco-Maselli &#8211; Sommerweg 19 &#8211; 63831 Wiesen<\/b><br \/>informieren.<\/p>\r\n<p>Der Websitebetreiber nimmt Ihren Datenschutz sehr ernst und behandelt Ihre personenbezogenen Daten vertraulich und entsprechend der gesetzlichen Vorschriften. Da durch neue Technologien und die st\u00e4ndige Weiterentwicklung dieser Webseite \u00c4nderungen an dieser Datenschutzerkl\u00e4rung vorgenommen werden k\u00f6nnen, empfehlen wir Ihnen sich die Datenschutzerkl\u00e4rung in regelm\u00e4\u00dfigen Abst\u00e4nden wieder durchzulesen.<\/p>\r\n<p>Definitionen der verwendeten Begriffe (z.B. \u201cpersonenbezogene Daten\u201d oder \u201cVerarbeitung\u201d) finden Sie in Art. 4 DSGVO.<\/p>\r\n<p>&nbsp;<\/p>\r\n<h4>Zugriffsdaten<\/h4>\r\n<p>Ich, der Websitebetreiber bzw. Seitenprovider, erheben aufgrund unseres berechtigten Interesses (s. Art. 6 Abs. 1 lit. f. DSGVO) Daten \u00fcber Zugriffe auf die Website und speichern diese als \u201eServer-Logfiles\u201c auf dem Server der Website ab. Folgende Daten werden so protokolliert:<\/p>\r\n<p>&#8211; Besuchte Website <br \/>&#8211; Uhrzeit zum Zeitpunkt des Zugriffes <br \/>&#8211; Menge der gesendeten Daten in Byte <br \/>&#8211; Quelle\/Verweis, von welchem Sie auf die Seite gelangten <br \/>&#8211; Verwendeter Browser <br \/>&#8211; Verwendetes Betriebssystem <br \/>&#8211; Verwendete IP-Adresse<\/p>\r\n<p>Die Server-Logfiles werden f\u00fcr maximal 7 Tage gespeichert und anschlie\u00dfend gel\u00f6scht. Die Speicherung der Daten erfolgt aus Sicherheitsgr\u00fcnden, um z. B. Missbrauchsf\u00e4lle aufkl\u00e4ren zu k\u00f6nnen. M\u00fcssen Daten aus Beweisgr\u00fcnden aufgehoben werden, sind sie solange von der L\u00f6schung ausgenommen bis der Vorfall endg\u00fcltig gekl\u00e4rt ist.<\/p>\r\n<p>&nbsp;<\/p>\r\n<h4>Umgang mit Kontaktdaten<\/h4>\r\n<p>Nehmen Sie mit mir als Websitebetreiber durch die angebotenen Kontaktm\u00f6glichkeiten Verbindung auf, werden Ihre Angaben gespeichert, damit auf diese zur Bearbeitung und Beantwortung Ihrer Anfrage zur\u00fcckgegriffen werden kann. Ohne Ihre Einwilligung werden diese Daten nicht an Dritte weitergegeben.<\/p>\r\n<p>&nbsp;<\/p>\r\n<h4>Cookies<\/h4>\r\n<p>Cookies sind kleine Dateien, die es erm\u00f6glichen, auf dem Zugriffsger\u00e4t der Nutzer (PC, Smartphone o.\u00e4.) spezifische, auf das Ger\u00e4t bezogene Informationen zu speichern. Sie dienen zum einem der Benutzerfreundlichkeit von Webseiten und damit den Nutzern (z.B. Speicherung von Logindaten). Zum anderen dienen sie dazu, die statistischen Daten der Webseitennutzung zu erfassen und sie zwecks Verbesserung des Angebotes analysieren zu k\u00f6nnen. Die Nutzer k\u00f6nnen auf den Einsatz der Cookies Einfluss nehmen. Die meisten Browser verf\u00fcgen \u00fcber eine Option, mit der das Speichern von Cookies eingeschr\u00e4nkt oder komplett verhindert wird. Diese Seite verwendet keine Cookies, die das Verhalten der Nutzer personenbezogen analysieren oder auswerten k\u00f6nnen.<\/p>\r\n<p>Hier finden Sie Hinweise, wie Sie Ihre Cookie-Einstellungen f\u00fcr die jeweiligen Browser \u00e4ndern k\u00f6nnen.<\/p>\r\n<p>\u00b7 Internet Explorer: <a href=\"http:\/\/windows.microsoft.com\/de-DE\/windows-vista\/Block-or-allow-cookies\">http:\/\/windows.microsoft.com\/de-DE\/windows-vista\/Block-or-allow-cookies<\/a> <br \/>\u00b7 Firefox: <a href=\"https:\/\/support.mozilla.org\/de\/kb\/cookies-erlauben-und-ablehnen\">https:\/\/support.mozilla.org\/de\/kb\/cookies-erlauben-und-ablehnen<\/a> <br \/>\u00b7 Chrome: <a href=\"http:\/\/support.google.com\/chrome\/bin\/answer.py?hl=de&amp;hlrm=en&amp;answer=95647\">http:\/\/support.google.com\/chrome\/bin\/answer.py?hl=de&amp;hlrm=en&amp;answer=95647<\/a> <br \/>\u00b7 Safari: <a href=\"https:\/\/support.apple.com\/kb\/ph21411?locale=de_DE\">https:\/\/support.apple.com\/kb\/ph21411?locale=de_DE<\/a> <br \/>\u00b7 Opera: <a href=\"http:\/\/help.opera.com\/Windows\/10.20\/de\/cookies.html\">http:\/\/help.opera.com\/Windows\/10.20\/de\/cookies.html<\/a><\/p>\r\n<p>Allerdings wird darauf hingewiesen, dass die Nutzung und insbesondere der Nutzungskomfort ohne Cookies eingeschr\u00e4nkt werden kann.<\/p>\r\n<p>&nbsp;<\/p>\r\n<h4>Google Analytics<\/h4>\r\n<p>Diese Website nutzt aufgrund meiner berechtigten Interessen zur Optimierung und Analyse meines Online-Angebots im Sinne des Art. 6 Abs. 1 lit. f. DSGVO den Dienst \u201eGoogle Analytics\u201c, welcher von der Google Inc. (1600 Amphitheatre Parkway Mountain View, CA 94043, USA) angeboten wird. Der Dienst (Google Analytics) verwendet &#8222;Cookies\u201c \u2013 Textdateien, welche auf Ihrem Endger\u00e4t gespeichert werden. Die durch die Cookies gesammelten Informationen werden im Regelfall an einen Google-Server in den USA gesandt und dort gespeichert.<\/p>\r\n<p>Google LLC h\u00e4lt das europ\u00e4ische Datenschutzrecht ein und ist unter dem Privacy-Shield-Abkommen zertifiziert: <br \/><a href=\"https:\/\/www.privacyshield.gov\/participant?id=a2zt000000001L5AAI&amp;status=Active\">https:\/\/www.privacyshield.gov\/participant?id=a2zt000000001L5AAI&amp;status=Active<\/a><\/p>\r\n<p>Auf dieser Website greift die IP-Anonymisierung. Die IP-Adresse der Nutzer wird innerhalb der Mitgliedsstaaten der EU und des Europ\u00e4ischen Wirtschaftsraum und in den anderen Vertragsstaaten des Abkommens gek\u00fcrzt. Nur in Einzelf\u00e4llen wird die IP-Adresse zun\u00e4chst ungek\u00fcrzt in die USA an einen Server von Google \u00fcbertragen und dort gek\u00fcrzt. Durch diese K\u00fcrzung entf\u00e4llt der Personenbezug Ihrer IP-Adresse. Die vom Browser \u00fcbermittelte IP-Adresse des Nutzers wird nicht mit anderen von Google gespeicherten Daten kombiniert.<\/p>\r\n<p>Die von Google in meinem Auftrag erhobenen Daten werden genutzt, um die Nutzung meines Online-Angebots durch die einzelnen Nutzer auswerten zu k\u00f6nnen, z. B. um Reports \u00fcber die Aktivit\u00e4t auf der Website zu erstellen oder um mein Online-Angebot zu verbessern.<\/p>\r\n<p>Sie haben die M\u00f6glichkeit, die Speicherung der Cookies auf Ihrem Ger\u00e4t zu verhindern, indem Sie in Ihrem Browser entsprechende Einstellungen vornehmen.\u00a0<a href=\"#\" data-ua=\"UA-131871287-1\" class=\"gaoptout\">Google Analytics deaktivieren<\/a> Es ist nicht gew\u00e4hrleistet, dass Sie auf alle Funktionen dieser Website ohne Einschr\u00e4nkungen zugreifen k\u00f6nnen, wenn Ihr Browser keine Cookies zul\u00e4sst. Weiterhin k\u00f6nnen Sie durch ein Browser-Plugin verhindern, dass die durch Cookies gesammelten Informationen (inklusive Ihrer IP-Adresse) an die Google Inc. gesendet und von der Google Inc. genutzt werden. <br \/>Folgender Link f\u00fchrt Sie zu dem entsprechenden Plugin: <br \/><a href=\"https:\/\/tools.google.com\/dlpage\/gaoptout?hl=de\">https:\/\/tools.google.com\/dlpage\/gaoptout?hl=de<\/a><\/p>\r\n<p>Hier finden Sie weitere Informationen zur Datennutzung durch die Google Inc.:<\/p>\r\n<p><a href=\"https:\/\/policies.google.com\/privacy\/partners?hl=de\">\u00b7 https:\/\/policies.google.com\/privacy\/partners?hl=de<\/a> (Daten, die von GooglePartnern erhoben werden) <br \/><a href=\"https:\/\/adssettings.google.de\/authenticated\">\u00b7 https:\/\/adssettings.google.de\/authenticated<\/a> (Einstellungen \u00fcber Werbung, die Ihnen angezeigt wird) <br \/><a href=\"https:\/\/policies.google.com\/technologies\/ads?hl=de\">\u00b7 https:\/\/policies.google.com\/technologies\/ads?hl=de<\/a> (Verwendung von Cookies in Anzeigen)<\/p>\r\n<h4>elopage<\/h4>\r\n<p>Wir bieten Ihnen \u00fcber unsere Webseite auch digitale Produkte wie Tickets, Online-Kurse, Gutscheine, digitale Produkte und Download-Produkte zum Kauf an.<br \/>Daf\u00fcr nutzen wir den Dienst elopage.<br \/><br \/>Sobald Sie auf einen unserer Produktbuttons klicken, verlassen Sie unsere Webseite und werden auf unsere individuelle elopage-Verkaufsseite weitergeleitet.<br \/><br \/>elopage ist ein Dienst der:<br \/><strong>elopage GmbH<\/strong><br \/>Kurf\u00fcrstendamm 182<br \/>10707 Berlin<br \/><br \/>S\u00e4mtliche Funktionen auf der Verkaufsseite sowie auch die gesamte nachgelagerte Verkaufsabwicklung erfolgen \u00fcber elopage. Die Datenschutzerkl\u00e4rung von elopage finden Sie\u00a0<a href=\"https:\/\/elopage.com\/privacy\">hier<\/a>.<br \/>Auf unserer Verkaufswebseite von elopage haben wir eine gesonderte Datenschutzerkl\u00e4rung, die Sie bitte ebenfalls beachten.<br \/><br \/>Wir haben mit der elopage GmbH als unserem Auftragsverarbeiter einen entsprechenden Vertrag nach Art. 28 DSGVO abgeschlossen. Die Rechtsgrundlage zur Verarbeitung der personenbezogenen Daten bei der Weiterleitung von unserer Webseite zu der Verkaufsseite \u00fcber elopage ergibt sich vorliegend aus Art. 6 Abs. 1 S. 1 lit. b).<\/p>\r\n<p>&nbsp;<\/p>\r\n<h4>SSL-Verschl\u00fcsselung<\/h4>\r\n<p>Diese Seite nutzt aus Gr\u00fcnden der Sicherheit und zum Schutz der \u00dcbertragung vertraulicher Inhalte, wie zum Beispiel der Anfragen, die Sie an mir als Seitenbetreiber senden, eine SSL-Verschl\u00fcsselung. Eine verschl\u00fcsselte Verbindung erkennen Sie daran, dass die Adresszeile des Browsers von &#8222;http:\/\/&#8220; auf &#8222;https:\/\/&#8220; wechselt und an dem Schloss-Symbol in Ihrer Browserzeile.<br \/>Wenn die SSL Verschl\u00fcsselung aktiviert ist, k\u00f6nnen die Daten, die Sie an mir \u00fcbermitteln, nicht von Dritten mitgelesen werden.<\/p>\r\n<p>&nbsp;<\/p>\r\n<h4>Rechte des Nutzers<\/h4>\r\n<p>Sie haben als Nutzer das Recht, auf Antrag eine kostenlose Auskunft dar\u00fcber zu erhalten, welche personenbezogenen Daten \u00fcber Sie gespeichert wurden. Sie haben au\u00dferdem das Recht auf Berichtigung falscher Daten und auf die Verarbeitungseinschr\u00e4nkung oder L\u00f6schung Ihrer personenbezogenen Daten. Falls zutreffend, k\u00f6nnen Sie auch Ihr Recht auf Datenportabilit\u00e4t geltend machen. Sollten Sie annehmen, dass Ihre Daten unrechtm\u00e4\u00dfig verarbeitet wurden, k\u00f6nnen Sie eine Beschwerde bei der zust\u00e4ndigen Aufsichtsbeh\u00f6rde einreichen.<\/p>\r\n<p>&nbsp;<\/p>\r\n<h4>L\u00f6schung von Daten<\/h4>\r\n<p>Sofern Ihr Wunsch nicht mit einer gesetzlichen Pflicht zur Aufbewahrung von Daten (z. B. Vorratsdatenspeicherung) kollidiert, haben Sie ein Anrecht auf L\u00f6schung Ihrer Daten. Von mir gespeicherte Daten werden, sollten sie f\u00fcr ihre Zweckbestimmung nicht mehr vonn\u00f6ten sein und es keine gesetzlichen Aufbewahrungsfristen geben, gel\u00f6scht. Falls eine L\u00f6schung nicht durchgef\u00fchrt werden kann, da die Daten f\u00fcr zul\u00e4ssige gesetzliche Zwecke erforderlich sind, erfolgt eine Einschr\u00e4nkung der Datenverarbeitung. In diesem Fall werden die Daten gesperrt und nicht f\u00fcr andere Zwecke verarbeitet.<\/p>\r\n<p>&nbsp;<\/p>\r\n<h4>Widerspruchsrecht<\/h4>\r\n<p>Nutzer dieser Webseite k\u00f6nnen von ihrem Widerspruchsrecht Gebrauch machen und der Verarbeitung ihrer personenbezogenen Daten zu jeder Zeit widersprechen. Wenn Sie eine Berichtigung, Sperrung, L\u00f6schung oder Auskunft \u00fcber die zu Ihrer Person gespeicherten personenbezogenen Daten w\u00fcnschen oder Fragen bzgl. der Erhebung, Verarbeitung oder Verwendung Ihrer personenbezogenen Daten haben oder erteilte Einwilligungen widerrufen m\u00f6chten, wenden Sie sich bitte an folgende E-Mail-Adresse: <strong>info@biancomaselli.de<\/strong><\/p>\r\n","protected":false},"excerpt":{"rendered":"<p>Datenschutzerkl\u00e4rung &nbsp; Grundlegendes Diese Datenschutzerkl\u00e4rung soll die Nutzer dieser Website \u00fcber die Art, den Umfang und den Zweck der Erhebung und Verwendung personenbezogener Daten durch den Websitebetreiber Carina Bianco-Maselli &#8211; Sommerweg 19 &#8211; 63831 Wieseninformieren. Der Websitebetreiber nimmt Ihren Datenschutz sehr ernst und behandelt Ihre personenbezogenen Daten vertraulich und entsprechend der gesetzlichen Vorschriften. Da durch neue Technologien und die st\u00e4ndige Weiterentwicklung dieser Webseite \u00c4nderungen an dieser Datenschutzerkl\u00e4rung vorgenommen werden k\u00f6nnen, empfehlen wir Ihnen sich die Datenschutzerkl\u00e4rung [&hellip;]<\/p>\n","protected":false},"author":1,"featured_media":0,"parent":0,"menu_order":0,"comment_status":"closed","ping_status":"closed","template":"","meta":{"_monsterinsights_skip_tracking":false,"_monsterinsights_sitenote_active":false,"_monsterinsights_sitenote_note":"","_monsterinsights_sitenote_category":0,"footnotes":""},"class_list":["post-8","page","type-page","status-publish","hentry"],"yoast_head":"<!-- This site is optimized with the Yoast SEO plugin v27.3 - https:\/\/yoast.com\/product\/yoast-seo-wordpress\/ -->\n<title>Datenschutzerkl\u00e4rung - Carina Bianco-Maselli<\/title>\n<meta name=\"robots\" content=\"index, follow, max-snippet:-1, max-image-preview:large, max-video-preview:-1\" \/>\n<link rel=\"canonical\" href=\"https:\/\/biancomaselli.de\/?page_id=8\" \/>\n<meta property=\"og:locale\" content=\"de_DE\" \/>\n<meta property=\"og:type\" content=\"article\" \/>\n<meta property=\"og:title\" content=\"Datenschutzerkl\u00e4rung - Carina Bianco-Maselli\" \/>\n<meta property=\"og:description\" content=\"Datenschutzerkl\u00e4rung &nbsp; Grundlegendes Diese Datenschutzerkl\u00e4rung soll die Nutzer dieser Website \u00fcber die Art, den Umfang und den Zweck der Erhebung und Verwendung personenbezogener Daten durch den Websitebetreiber Carina Bianco-Maselli &#8211; Sommerweg 19 &#8211; 63831 Wieseninformieren. Der Websitebetreiber nimmt Ihren Datenschutz sehr ernst und behandelt Ihre personenbezogenen Daten vertraulich und entsprechend der gesetzlichen Vorschriften. Da durch neue Technologien und die st\u00e4ndige Weiterentwicklung dieser Webseite \u00c4nderungen an dieser Datenschutzerkl\u00e4rung vorgenommen werden k\u00f6nnen, empfehlen wir Ihnen sich die Datenschutzerkl\u00e4rung [&hellip;]\" \/>\n<meta property=\"og:url\" content=\"https:\/\/biancomaselli.de\/?page_id=8\" \/>\n<meta property=\"og:site_name\" content=\"Carina Bianco-Maselli\" \/>\n<meta property=\"article:modified_time\" content=\"2021-03-09T21:20:10+00:00\" \/>\n<meta name=\"twitter:card\" content=\"summary_large_image\" \/>\n<meta name=\"twitter:label1\" content=\"Gesch\u00e4tzte Lesezeit\" \/>\n\t<meta name=\"twitter:data1\" content=\"7\u00a0Minuten\" \/>\n<script type=\"application\/ld+json\" class=\"yoast-schema-graph\">{\"@context\":\"https:\\\/\\\/schema.org\",\"@graph\":[{\"@type\":\"WebPage\",\"@id\":\"https:\\\/\\\/biancomaselli.de\\\/?page_id=8\",\"url\":\"https:\\\/\\\/biancomaselli.de\\\/?page_id=8\",\"name\":\"Datenschutzerkl\u00e4rung - Carina Bianco-Maselli\",\"isPartOf\":{\"@id\":\"https:\\\/\\\/biancomaselli.de\\\/#website\"},\"datePublished\":\"2019-01-12T09:55:20+00:00\",\"dateModified\":\"2021-03-09T21:20:10+00:00\",\"breadcrumb\":{\"@id\":\"https:\\\/\\\/biancomaselli.de\\\/?page_id=8#breadcrumb\"},\"inLanguage\":\"de\",\"potentialAction\":[{\"@type\":\"ReadAction\",\"target\":[\"https:\\\/\\\/biancomaselli.de\\\/?page_id=8\"]}]},{\"@type\":\"BreadcrumbList\",\"@id\":\"https:\\\/\\\/biancomaselli.de\\\/?page_id=8#breadcrumb\",\"itemListElement\":[{\"@type\":\"ListItem\",\"position\":1,\"name\":\"Startseite\",\"item\":\"https:\\\/\\\/biancomaselli.de\\\/\"},{\"@type\":\"ListItem\",\"position\":2,\"name\":\"Datenschutzerkl\u00e4rung\"}]},{\"@type\":\"WebSite\",\"@id\":\"https:\\\/\\\/biancomaselli.de\\\/#website\",\"url\":\"https:\\\/\\\/biancomaselli.de\\\/\",\"name\":\"Carina Bianco-Maselli - Coaching und mehr\",\"description\":\"Coaching &amp; mehr\",\"potentialAction\":[{\"@type\":\"SearchAction\",\"target\":{\"@type\":\"EntryPoint\",\"urlTemplate\":\"https:\\\/\\\/biancomaselli.de\\\/?s={search_term_string}\"},\"query-input\":{\"@type\":\"PropertyValueSpecification\",\"valueRequired\":true,\"valueName\":\"search_term_string\"}}],\"inLanguage\":\"de\"}]}<\/script>\n<!-- \/ Yoast SEO plugin. -->","yoast_head_json":{"title":"Datenschutzerkl\u00e4rung - Carina Bianco-Maselli","robots":{"index":"index","follow":"follow","max-snippet":"max-snippet:-1","max-image-preview":"max-image-preview:large","max-video-preview":"max-video-preview:-1"},"canonical":"https:\/\/biancomaselli.de\/?page_id=8","og_locale":"de_DE","og_type":"article","og_title":"Datenschutzerkl\u00e4rung - Carina Bianco-Maselli","og_description":"Datenschutzerkl\u00e4rung &nbsp; Grundlegendes Diese Datenschutzerkl\u00e4rung soll die Nutzer dieser Website \u00fcber die Art, den Umfang und den Zweck der Erhebung und Verwendung personenbezogener Daten durch den Websitebetreiber Carina Bianco-Maselli &#8211; Sommerweg 19 &#8211; 63831 Wieseninformieren. Der Websitebetreiber nimmt Ihren Datenschutz sehr ernst und behandelt Ihre personenbezogenen Daten vertraulich und entsprechend der gesetzlichen Vorschriften. Da durch neue Technologien und die st\u00e4ndige Weiterentwicklung dieser Webseite \u00c4nderungen an dieser Datenschutzerkl\u00e4rung vorgenommen werden k\u00f6nnen, empfehlen wir Ihnen sich die Datenschutzerkl\u00e4rung [&hellip;]","og_url":"https:\/\/biancomaselli.de\/?page_id=8","og_site_name":"Carina Bianco-Maselli","article_modified_time":"2021-03-09T21:20:10+00:00","twitter_card":"summary_large_image","twitter_misc":{"Gesch\u00e4tzte Lesezeit":"7\u00a0Minuten"},"schema":{"@context":"https:\/\/schema.org","@graph":[{"@type":"WebPage","@id":"https:\/\/biancomaselli.de\/?page_id=8","url":"https:\/\/biancomaselli.de\/?page_id=8","name":"Datenschutzerkl\u00e4rung - Carina Bianco-Maselli","isPartOf":{"@id":"https:\/\/biancomaselli.de\/#website"},"datePublished":"2019-01-12T09:55:20+00:00","dateModified":"2021-03-09T21:20:10+00:00","breadcrumb":{"@id":"https:\/\/biancomaselli.de\/?page_id=8#breadcrumb"},"inLanguage":"de","potentialAction":[{"@type":"ReadAction","target":["https:\/\/biancomaselli.de\/?page_id=8"]}]},{"@type":"BreadcrumbList","@id":"https:\/\/biancomaselli.de\/?page_id=8#breadcrumb","itemListElement":[{"@type":"ListItem","position":1,"name":"Startseite","item":"https:\/\/biancomaselli.de\/"},{"@type":"ListItem","position":2,"name":"Datenschutzerkl\u00e4rung"}]},{"@type":"WebSite","@id":"https:\/\/biancomaselli.de\/#website","url":"https:\/\/biancomaselli.de\/","name":"Carina Bianco-Maselli - Coaching und mehr","description":"Coaching &amp; mehr","potentialAction":[{"@type":"SearchAction","target":{"@type":"EntryPoint","urlTemplate":"https:\/\/biancomaselli.de\/?s={search_term_string}"},"query-input":{"@type":"PropertyValueSpecification","valueRequired":true,"valueName":"search_term_string"}}],"inLanguage":"de"}]}},"_links":{"self":[{"href":"https:\/\/biancomaselli.de\/index.php?rest_route=\/wp\/v2\/pages\/8","targetHints":{"allow":["GET"]}}],"collection":[{"href":"https:\/\/biancomaselli.de\/index.php?rest_route=\/wp\/v2\/pages"}],"about":[{"href":"https:\/\/biancomaselli.de\/index.php?rest_route=\/wp\/v2\/types\/page"}],"author":[{"embeddable":true,"href":"https:\/\/biancomaselli.de\/index.php?rest_route=\/wp\/v2\/users\/1"}],"replies":[{"embeddable":true,"href":"https:\/\/biancomaselli.de\/index.php?rest_route=%2Fwp%2Fv2%2Fcomments&post=8"}],"version-history":[{"count":9,"href":"https:\/\/biancomaselli.de\/index.php?rest_route=\/wp\/v2\/pages\/8\/revisions"}],"predecessor-version":[{"id":1539,"href":"https:\/\/biancomaselli.de\/index.php?rest_route=\/wp\/v2\/pages\/8\/revisions\/1539"}],"wp:attachment":[{"href":"https:\/\/biancomaselli.de\/index.php?rest_route=%2Fwp%2Fv2%2Fmedia&parent=8"}],"curies":[{"name":"wp","href":"https:\/\/api.w.org\/{rel}","templated":true}]}}